{"id":143,"date":"2014-09-16T13:32:20","date_gmt":"2014-09-16T13:32:20","guid":{"rendered":"https:\/\/www.vetavisual.com\/?page_id=143"},"modified":"2021-12-27T22:02:51","modified_gmt":"2021-12-27T20:02:51","slug":"classes-particulars-de-indesign","status":"publish","type":"page","link":"https:\/\/www.vetavisual.com\/es\/classes-particulars-de-indesign\/","title":{"rendered":"Classes particulars de InDesign"},"content":{"rendered":"\n\t\t<div id=\"fws_69dff44e5ddde\"  data-column-margin=\"default\" data-midnight=\"dark\"  class=\"wpb_row vc_row-fluid vc_row\"  style=\"padding-top: 0px; padding-bottom: 0px; \"><div class=\"row-bg-wrap\" data-bg-animation=\"none\" data-bg-animation-delay=\"\" data-bg-overlay=\"false\"><div class=\"inner-wrap row-bg-layer\" ><div class=\"row-bg viewport-desktop\"  style=\"\"><\/div><\/div><\/div><div class=\"row_col_wrap_12 col span_12 dark left\">\n\t<div  class=\"vc_col-sm-2 wpb_column column_container vc_column_container col no-extra-padding inherit_tablet inherit_phone \"  data-padding-pos=\"all\" data-has-bg-color=\"false\" data-bg-color=\"\" data-bg-opacity=\"1\" data-animation=\"\" data-delay=\"0\" >\n\t\t<div class=\"vc_column-inner\" >\n\t\t\t<div class=\"wpb_wrapper\">\n\t\t\t\t\n\t\t\t<\/div> \n\t\t<\/div>\n\t<\/div> \n\n\t<div  class=\"vc_col-sm-8 wpb_column column_container vc_column_container col no-extra-padding inherit_tablet inherit_phone \"  data-padding-pos=\"all\" data-has-bg-color=\"false\" data-bg-color=\"\" data-bg-opacity=\"1\" data-animation=\"\" data-delay=\"0\" >\n\t\t<div class=\"vc_column-inner\" >\n\t\t\t<div class=\"wpb_wrapper\">\n\t\t\t\t\n<div class=\"wpb_text_column wpb_content_element \" >\n\t<p><a href=\"http:\/\/www.adobe.com\/es\/products\/indesign.html\"><img loading=\"lazy\" decoding=\"async\" class=\"alignright wp-image-158\" src=\"https:\/\/www.vetavisual.com\/wp-content\/uploads\/2014\/09\/612px-Adobe_InDesign_icon-300x294.png\" alt=\"Classes particulars. T\u00e8cnica d'\u00fas del programa Adobe InDesign\" width=\"175\" height=\"172\" srcset=\"https:\/\/www.vetavisual.com\/wp-content\/uploads\/2014\/09\/612px-Adobe_InDesign_icon-300x294.png 300w, https:\/\/www.vetavisual.com\/wp-content\/uploads\/2014\/09\/612px-Adobe_InDesign_icon-600x588.png 600w, https:\/\/www.vetavisual.com\/wp-content\/uploads\/2014\/09\/612px-Adobe_InDesign_icon.png 612w\" sizes=\"auto, (max-width: 175px) 100vw, 175px\" \/><\/a><span style=\"color: #d11f87;\"><strong>Oferim classes particulars d&#8217;<a style=\"color: #d11f87;\" href=\"http:\/\/www.adobe.com\/es\/products\/indesign.html\" target=\"_blank\" rel=\"noopener\">Adobe InDesign<\/a><\/strong><\/span>, el software m\u00e9s avan\u00e7at del mercat per a l&#8217;elaboraci\u00f3 de tota mena de productes del sector editorial, gr\u00e0fic i de la comunicaci\u00f3. Amb el nostre curs personalitzat a les teues necessitats, descobrir\u00e0s els secrets de la maquetaci\u00f3 editorial per a formats tradicionals i digitals. Aprendr\u00e0s a dissenyar revistes, llibres, fullets i altres publicacions a partir d&#8217;una metodologia pr\u00e0ctica amb\u00a0especial atenci\u00f3 als nous suports i canals editorials, com els e-books, les revistes digitals o els fullets multim\u00e8dia.<\/p>\n<p><img loading=\"lazy\" decoding=\"async\" class=\"alignleft wp-image-162\" src=\"https:\/\/www.vetavisual.com\/wp-content\/uploads\/2014\/09\/114_256.jpg\" alt=\"Cursos. T\u00e8cnica d'\u00fas del programa de disseny i maquetaci\u00f3 Adobe InDesign\" width=\"141\" height=\"141\" srcset=\"https:\/\/www.vetavisual.com\/wp-content\/uploads\/2014\/09\/114_256.jpg 256w, https:\/\/www.vetavisual.com\/wp-content\/uploads\/2014\/09\/114_256-150x150.jpg 150w\" sizes=\"auto, (max-width: 141px) 100vw, 141px\" \/>Els formats f\u00edsics tradicionals estan migrant cap als <strong>nous entorns digitals<\/strong>, capa\u00e7os d&#8217;oferir una infinitat de possibilitats multim\u00e8dia anteriorment inimaginables. El mercat de llibres i revistes digitals ha tingut una taxa de creixement del 20 per cent el 2011 a tot el m\u00f3n (ONTSI, 2012): aquest nou horitz\u00f3 requereix professionals que s\u00e0piguen maquetar textos i imatges tant per a\u00a0llibres com per e-books, que dominen per igual els llenguatges de les revistes tradicionals com les caracter\u00edstiques dels nous magazines digitals per a pantalles t\u00e0ctils. En un m\u00f3n en qu\u00e8 l&#8217;iPad i la resta de tauletes\u00a0s&#8217;imposen com el nou paradigma, el dissenyador ha de comen\u00e7ar a pensar en digital. Les nostres clases\u00a0d&#8217;Adobe Indesign repassen cadascuna de les caracter\u00edstiques del disseny de llibres, revistes, magazines digitals i altres publicacions editorials.<\/p>\n<p><span style=\"color: #d91687;\"><strong><br \/>\nObjectius<\/strong><\/span><\/p>\n<ul>\n<li>Dominar l&#8217;entorn gr\u00e0fic d&#8217;Adobe Indesign.<\/li>\n<li>Treballar efica\u00e7ment amb quadr\u00edcules, ret\u00edcules, p\u00e0gines mestres i altres opcions de maquetaci\u00f3.<\/li>\n<li>Inserir i combinar elements textuals i gr\u00e0fics d&#8217;una manera \u00e0gil i proporcionada.<\/li>\n<li>Dominar les propietats m\u00e9s avan\u00e7ades de l&#8217;\u00fas de capes.<\/li>\n<li>Aplicar fulls d&#8217;estil a documents sencers.<\/li>\n<li>Treure el m\u00e0xim partit a la paleta de degradats i altres opcions gr\u00e0fiques avan\u00e7ades.<\/li>\n<li>Convertir els documents en textos interactius i hipertextuals.<\/li>\n<li>Configurar l&#8217;arxiu per a una impressi\u00f3 \u00f2ptima.<\/li>\n<li>Crear publicacions especialment preparades per als nous suports digitals (iPad, tauletes).<\/li>\n<\/ul>\n<p><span style=\"color: #d91687;\"><strong>Dirigit<\/strong><\/span><\/p>\n<ul>\n<li>Llicenciats i estudiants en Comunicaci\u00f3 Audiovisual, Disseny, Belles Arts, Publicitat i altres carreres del sector de la comunicaci\u00f3 i l&#8217;art.<\/li>\n<li>Professionals del sector gr\u00e0fic que desitgin actualitzar els seus coneixements t\u00e8cnics.<\/li>\n<li>Graduats en Batxillerat i qualsevol persona que, sense necessitat de coneixements previs, vulgui iniciar una carrera en el m\u00f3n del disseny editorial per a publicacions f\u00edsiques o digitals.<\/li>\n<\/ul>\n<p><span style=\"color: #d91687;\"><strong>Sortides professionals<\/strong><\/span><\/p>\n<ul>\n<li>Maquetador de revistes, diaris i altres publicacions.<\/li>\n<li>Dissenyador gr\u00e0fic especialitzat en el sector editorial.<\/li>\n<li>Creatiu per a ag\u00e8ncies de comunicaci\u00f3 i publicitat.<\/li>\n<li>Creador de continguts infogr\u00e0fics.<\/li>\n<li>Il\u00b7lustrador per a revistes digitals.<\/li>\n<li>Artista Visual.<\/li>\n<\/ul>\n<p><span style=\"color: #d91687;\"><strong>Horaris i lloc<\/strong><\/span><br \/>\nVesprades dos dies entre setmana, a convenir, de 18:00 a 20:30 hores. Les classes poden ser a l&#8217;estudi del tutor o b\u00e9 al de l&#8217;alumne (Castell\u00f3 de la Plana).<\/p>\n<p><strong><span style=\"color: #cc2380;\"><a style=\"color: #cc2380;\" href=\"\/vetavisual\/contacte\/\">&gt;&gt; Informa&#8217;t ac\u00ed &lt;&lt;<\/a><\/span> <\/strong><br \/>\no b\u00e9 per correu-e a:<strong> <em>cursos\u00a0[arrova] vetavisual.com<\/em><\/strong><\/p>\n<\/div>\n\n\n\n\n\t\t\t<\/div> \n\t\t<\/div>\n\t<\/div> \n\n\t<div  class=\"vc_col-sm-2 wpb_column column_container vc_column_container col no-extra-padding inherit_tablet inherit_phone \"  data-padding-pos=\"all\" data-has-bg-color=\"false\" data-bg-color=\"\" data-bg-opacity=\"1\" data-animation=\"\" data-delay=\"0\" >\n\t\t<div class=\"vc_column-inner\" >\n\t\t\t<div class=\"wpb_wrapper\">\n\t\t\t\t\n\t\t\t<\/div> \n\t\t<\/div>\n\t<\/div> \n<\/div><\/div>\n","protected":false},"excerpt":{"rendered":"Oferim classes particulars d'Adobe InDesign, el software m\u00e9s avan\u00e7at del mercat per a l'elaboraci\u00f3 de tota mena de productes del sector editorial, gr\u00e0fic i de la comunicaci\u00f3. Amb el nostre...","protected":false},"author":1,"featured_media":433,"parent":0,"menu_order":0,"comment_status":"open","ping_status":"open","template":"","meta":{"footnotes":""},"class_list":["post-143","page","type-page","status-publish","has-post-thumbnail"],"yoast_head":"<!-- This site is optimized with the Yoast SEO plugin v27.4 - https:\/\/yoast.com\/product\/yoast-seo-wordpress\/ -->\n<title>Classes particulars de InDesign - Veta Visual<\/title>\n<meta name=\"robots\" content=\"index, follow, max-snippet:-1, max-image-preview:large, max-video-preview:-1\" \/>\n<link rel=\"canonical\" href=\"https:\/\/www.vetavisual.com\/es\/classes-particulars-de-indesign\/\" \/>\n<meta property=\"og:locale\" content=\"es_ES\" \/>\n<meta property=\"og:type\" content=\"article\" \/>\n<meta property=\"og:title\" content=\"Classes particulars de InDesign - Veta Visual\" \/>\n<meta property=\"og:url\" content=\"https:\/\/www.vetavisual.com\/es\/classes-particulars-de-indesign\/\" \/>\n<meta property=\"og:site_name\" content=\"Veta Visual\" \/>\n<meta property=\"article:modified_time\" content=\"2021-12-27T20:02:51+00:00\" \/>\n<meta property=\"og:image\" content=\"https:\/\/www.vetavisual.com\/wp-content\/uploads\/2014\/09\/veta_visual_indesign_classes_particulars.jpg\" \/>\n\t<meta property=\"og:image:width\" content=\"1200\" \/>\n\t<meta property=\"og:image:height\" content=\"1200\" \/>\n\t<meta property=\"og:image:type\" content=\"image\/jpeg\" \/>\n<meta name=\"twitter:card\" content=\"summary_large_image\" \/>\n<meta name=\"twitter:site\" content=\"@vetavisual\" \/>\n<meta name=\"twitter:label1\" content=\"Tiempo de lectura\" \/>\n\t<meta name=\"twitter:data1\" content=\"4 minutos\" \/>\n<script type=\"application\/ld+json\" class=\"yoast-schema-graph\">{\"@context\":\"https:\\\/\\\/schema.org\",\"@graph\":[{\"@type\":\"WebPage\",\"@id\":\"https:\\\/\\\/www.vetavisual.com\\\/classes-particulars-de-indesign\\\/\",\"url\":\"https:\\\/\\\/www.vetavisual.com\\\/classes-particulars-de-indesign\\\/\",\"name\":\"Classes particulars de InDesign - Veta Visual\",\"isPartOf\":{\"@id\":\"https:\\\/\\\/www.vetavisual.com\\\/#website\"},\"primaryImageOfPage\":{\"@id\":\"https:\\\/\\\/www.vetavisual.com\\\/classes-particulars-de-indesign\\\/#primaryimage\"},\"image\":{\"@id\":\"https:\\\/\\\/www.vetavisual.com\\\/classes-particulars-de-indesign\\\/#primaryimage\"},\"thumbnailUrl\":\"https:\\\/\\\/www.vetavisual.com\\\/wp-content\\\/uploads\\\/2014\\\/09\\\/veta_visual_indesign_classes_particulars.jpg\",\"datePublished\":\"2014-09-16T13:32:20+00:00\",\"dateModified\":\"2021-12-27T20:02:51+00:00\",\"breadcrumb\":{\"@id\":\"https:\\\/\\\/www.vetavisual.com\\\/classes-particulars-de-indesign\\\/#breadcrumb\"},\"inLanguage\":\"es\",\"potentialAction\":[{\"@type\":\"ReadAction\",\"target\":[\"https:\\\/\\\/www.vetavisual.com\\\/classes-particulars-de-indesign\\\/\"]}]},{\"@type\":\"ImageObject\",\"inLanguage\":\"es\",\"@id\":\"https:\\\/\\\/www.vetavisual.com\\\/classes-particulars-de-indesign\\\/#primaryimage\",\"url\":\"https:\\\/\\\/www.vetavisual.com\\\/wp-content\\\/uploads\\\/2014\\\/09\\\/veta_visual_indesign_classes_particulars.jpg\",\"contentUrl\":\"https:\\\/\\\/www.vetavisual.com\\\/wp-content\\\/uploads\\\/2014\\\/09\\\/veta_visual_indesign_classes_particulars.jpg\",\"width\":1200,\"height\":1200},{\"@type\":\"BreadcrumbList\",\"@id\":\"https:\\\/\\\/www.vetavisual.com\\\/classes-particulars-de-indesign\\\/#breadcrumb\",\"itemListElement\":[{\"@type\":\"ListItem\",\"position\":1,\"name\":\"Inici\",\"item\":\"https:\\\/\\\/www.vetavisual.com\\\/\"},{\"@type\":\"ListItem\",\"position\":2,\"name\":\"Classes particulars de InDesign\"}]},{\"@type\":\"WebSite\",\"@id\":\"https:\\\/\\\/www.vetavisual.com\\\/#website\",\"url\":\"https:\\\/\\\/www.vetavisual.com\\\/\",\"name\":\"Veta Visual\",\"description\":\"Serveis de comunicaci\u00f3 gr\u00e0fica i editorial\",\"publisher\":{\"@id\":\"https:\\\/\\\/www.vetavisual.com\\\/#organization\"},\"potentialAction\":[{\"@type\":\"SearchAction\",\"target\":{\"@type\":\"EntryPoint\",\"urlTemplate\":\"https:\\\/\\\/www.vetavisual.com\\\/?s={search_term_string}\"},\"query-input\":{\"@type\":\"PropertyValueSpecification\",\"valueRequired\":true,\"valueName\":\"search_term_string\"}}],\"inLanguage\":\"es\"},{\"@type\":\"Organization\",\"@id\":\"https:\\\/\\\/www.vetavisual.com\\\/#organization\",\"name\":\"Veta Visual\",\"url\":\"https:\\\/\\\/www.vetavisual.com\\\/\",\"logo\":{\"@type\":\"ImageObject\",\"inLanguage\":\"es\",\"@id\":\"https:\\\/\\\/www.vetavisual.com\\\/#\\\/schema\\\/logo\\\/image\\\/\",\"url\":\"https:\\\/\\\/www.vetavisual.com\\\/wp-content\\\/uploads\\\/2021\\\/02\\\/vv_logo_color.png\",\"contentUrl\":\"https:\\\/\\\/www.vetavisual.com\\\/wp-content\\\/uploads\\\/2021\\\/02\\\/vv_logo_color.png\",\"width\":1900,\"height\":400,\"caption\":\"Veta Visual\"},\"image\":{\"@id\":\"https:\\\/\\\/www.vetavisual.com\\\/#\\\/schema\\\/logo\\\/image\\\/\"},\"sameAs\":[\"https:\\\/\\\/x.com\\\/vetavisual\"]}]}<\/script>\n<!-- \/ Yoast SEO plugin. -->","yoast_head_json":{"title":"Classes particulars de InDesign - Veta Visual","robots":{"index":"index","follow":"follow","max-snippet":"max-snippet:-1","max-image-preview":"max-image-preview:large","max-video-preview":"max-video-preview:-1"},"canonical":"https:\/\/www.vetavisual.com\/es\/classes-particulars-de-indesign\/","og_locale":"es_ES","og_type":"article","og_title":"Classes particulars de InDesign - Veta Visual","og_url":"https:\/\/www.vetavisual.com\/es\/classes-particulars-de-indesign\/","og_site_name":"Veta Visual","article_modified_time":"2021-12-27T20:02:51+00:00","og_image":[{"width":1200,"height":1200,"url":"https:\/\/www.vetavisual.com\/wp-content\/uploads\/2014\/09\/veta_visual_indesign_classes_particulars.jpg","type":"image\/jpeg"}],"twitter_card":"summary_large_image","twitter_site":"@vetavisual","twitter_misc":{"Tiempo de lectura":"4 minutos"},"schema":{"@context":"https:\/\/schema.org","@graph":[{"@type":"WebPage","@id":"https:\/\/www.vetavisual.com\/classes-particulars-de-indesign\/","url":"https:\/\/www.vetavisual.com\/classes-particulars-de-indesign\/","name":"Classes particulars de InDesign - Veta Visual","isPartOf":{"@id":"https:\/\/www.vetavisual.com\/#website"},"primaryImageOfPage":{"@id":"https:\/\/www.vetavisual.com\/classes-particulars-de-indesign\/#primaryimage"},"image":{"@id":"https:\/\/www.vetavisual.com\/classes-particulars-de-indesign\/#primaryimage"},"thumbnailUrl":"https:\/\/www.vetavisual.com\/wp-content\/uploads\/2014\/09\/veta_visual_indesign_classes_particulars.jpg","datePublished":"2014-09-16T13:32:20+00:00","dateModified":"2021-12-27T20:02:51+00:00","breadcrumb":{"@id":"https:\/\/www.vetavisual.com\/classes-particulars-de-indesign\/#breadcrumb"},"inLanguage":"es","potentialAction":[{"@type":"ReadAction","target":["https:\/\/www.vetavisual.com\/classes-particulars-de-indesign\/"]}]},{"@type":"ImageObject","inLanguage":"es","@id":"https:\/\/www.vetavisual.com\/classes-particulars-de-indesign\/#primaryimage","url":"https:\/\/www.vetavisual.com\/wp-content\/uploads\/2014\/09\/veta_visual_indesign_classes_particulars.jpg","contentUrl":"https:\/\/www.vetavisual.com\/wp-content\/uploads\/2014\/09\/veta_visual_indesign_classes_particulars.jpg","width":1200,"height":1200},{"@type":"BreadcrumbList","@id":"https:\/\/www.vetavisual.com\/classes-particulars-de-indesign\/#breadcrumb","itemListElement":[{"@type":"ListItem","position":1,"name":"Inici","item":"https:\/\/www.vetavisual.com\/"},{"@type":"ListItem","position":2,"name":"Classes particulars de InDesign"}]},{"@type":"WebSite","@id":"https:\/\/www.vetavisual.com\/#website","url":"https:\/\/www.vetavisual.com\/","name":"Veta Visual","description":"Serveis de comunicaci\u00f3 gr\u00e0fica i editorial","publisher":{"@id":"https:\/\/www.vetavisual.com\/#organization"},"potentialAction":[{"@type":"SearchAction","target":{"@type":"EntryPoint","urlTemplate":"https:\/\/www.vetavisual.com\/?s={search_term_string}"},"query-input":{"@type":"PropertyValueSpecification","valueRequired":true,"valueName":"search_term_string"}}],"inLanguage":"es"},{"@type":"Organization","@id":"https:\/\/www.vetavisual.com\/#organization","name":"Veta Visual","url":"https:\/\/www.vetavisual.com\/","logo":{"@type":"ImageObject","inLanguage":"es","@id":"https:\/\/www.vetavisual.com\/#\/schema\/logo\/image\/","url":"https:\/\/www.vetavisual.com\/wp-content\/uploads\/2021\/02\/vv_logo_color.png","contentUrl":"https:\/\/www.vetavisual.com\/wp-content\/uploads\/2021\/02\/vv_logo_color.png","width":1900,"height":400,"caption":"Veta Visual"},"image":{"@id":"https:\/\/www.vetavisual.com\/#\/schema\/logo\/image\/"},"sameAs":["https:\/\/x.com\/vetavisual"]}]}},"_links":{"self":[{"href":"https:\/\/www.vetavisual.com\/es\/wp-json\/wp\/v2\/pages\/143","targetHints":{"allow":["GET"]}}],"collection":[{"href":"https:\/\/www.vetavisual.com\/es\/wp-json\/wp\/v2\/pages"}],"about":[{"href":"https:\/\/www.vetavisual.com\/es\/wp-json\/wp\/v2\/types\/page"}],"author":[{"embeddable":true,"href":"https:\/\/www.vetavisual.com\/es\/wp-json\/wp\/v2\/users\/1"}],"replies":[{"embeddable":true,"href":"https:\/\/www.vetavisual.com\/es\/wp-json\/wp\/v2\/comments?post=143"}],"version-history":[{"count":0,"href":"https:\/\/www.vetavisual.com\/es\/wp-json\/wp\/v2\/pages\/143\/revisions"}],"wp:featuredmedia":[{"embeddable":true,"href":"https:\/\/www.vetavisual.com\/es\/wp-json\/wp\/v2\/media\/433"}],"wp:attachment":[{"href":"https:\/\/www.vetavisual.com\/es\/wp-json\/wp\/v2\/media?parent=143"}],"curies":[{"name":"wp","href":"https:\/\/api.w.org\/{rel}","templated":true}]}}