{"id":188,"date":"2014-09-16T17:26:49","date_gmt":"2014-09-16T17:26:49","guid":{"rendered":"https:\/\/www.vetavisual.com\/?page_id=188"},"modified":"2021-12-27T22:02:24","modified_gmt":"2021-12-27T20:02:24","slug":"classes-particulars-dimovie","status":"publish","type":"page","link":"https:\/\/www.vetavisual.com\/es\/classes-particulars-dimovie\/","title":{"rendered":"Classes particulars d&#8217;iMovie"},"content":{"rendered":"\n\t\t<div id=\"fws_69dff44f5cf68\"  data-column-margin=\"default\" data-midnight=\"dark\"  class=\"wpb_row vc_row-fluid vc_row\"  style=\"padding-top: 0px; padding-bottom: 0px; \"><div class=\"row-bg-wrap\" data-bg-animation=\"none\" data-bg-animation-delay=\"\" data-bg-overlay=\"false\"><div class=\"inner-wrap row-bg-layer\" ><div class=\"row-bg viewport-desktop\"  style=\"\"><\/div><\/div><\/div><div class=\"row_col_wrap_12 col span_12 dark left\">\n\t<div  class=\"vc_col-sm-2 wpb_column column_container vc_column_container col no-extra-padding inherit_tablet inherit_phone \"  data-padding-pos=\"all\" data-has-bg-color=\"false\" data-bg-color=\"\" data-bg-opacity=\"1\" data-animation=\"\" data-delay=\"0\" >\n\t\t<div class=\"vc_column-inner\" >\n\t\t\t<div class=\"wpb_wrapper\">\n\t\t\t\t\n\t\t\t<\/div> \n\t\t<\/div>\n\t<\/div> \n\n\t<div  class=\"vc_col-sm-8 wpb_column column_container vc_column_container col no-extra-padding inherit_tablet inherit_phone \"  data-padding-pos=\"all\" data-has-bg-color=\"false\" data-bg-color=\"\" data-bg-opacity=\"1\" data-animation=\"\" data-delay=\"0\" >\n\t\t<div class=\"vc_column-inner\" >\n\t\t\t<div class=\"wpb_wrapper\">\n\t\t\t\t\n<div class=\"wpb_text_column wpb_content_element \" >\n\t<p><a href=\"https:\/\/www.vetavisual.com\/wp-content\/uploads\/2014\/09\/iMovie-icon.jpg\"><img loading=\"lazy\" decoding=\"async\" class=\"alignright wp-image-182\" src=\"https:\/\/www.vetavisual.com\/wp-content\/uploads\/2014\/09\/iMovie-icon-300x300.jpg\" alt=\"Classes particulars. T\u00e8cnica d'\u00fas del programa de muntatge de v\u00eddeo iMovie\" width=\"165\" height=\"165\" srcset=\"https:\/\/www.vetavisual.com\/wp-content\/uploads\/2014\/09\/iMovie-icon-300x300.jpg 300w, https:\/\/www.vetavisual.com\/wp-content\/uploads\/2014\/09\/iMovie-icon-150x150.jpg 150w, https:\/\/www.vetavisual.com\/wp-content\/uploads\/2014\/09\/iMovie-icon.jpg 411w\" sizes=\"auto, (max-width: 165px) 100vw, 165px\" \/><\/a>El curs est\u00e0 destinat tant\u00a0a principiants com a artistes, creatius i professionals de diferents sectors empresarials que volen adquirir compet\u00e8ncies b\u00e0siques per editar i crear v\u00eddeos de manera r\u00e0pida i senzilla gr\u00e0cies al programari d&#8217;Apple iMovie incl\u00f2s en el pack iLife i incorporat de s\u00e8rie en els equips Mac.<\/p>\n<p>Els continguts en v\u00eddeo dominen el camp de la comunicaci\u00f3. Avui dia, molts\u00a0dispositius graven milers de minuts cada dia i cal una eina potent, flexible i que puga\u00a0gestionar una quantitat ingent de material. Un dels avantatges m\u00e9s interessants de dominar eines com iMovie \u00e9s poder crear v\u00eddeos per a pujar a Youtube o Vimeo, entre d&#8217;altres plataformes, i aix\u00ed poder utilitzar-los per difondre videoproduccions\u00a0virals per a campanyes de m\u00e0rqueting, entre altres usos. Per a realitzar el curs cal tenir coneixements b\u00e0sics del maneig del Mac OS X. En finalitzar el curs l&#8217;alumne podr\u00e0 crear el seu propis v\u00eddeos amb una qualitat semiprofessional, afegint efectes especials, m\u00fasica, subt\u00edtols i molts altres elements, de tal manera que aquelles gravacions en brut\u00a0no tornaran a ser les\u00a0mateixes un cop tractats amb iMovie.<\/p>\n<p><strong>Temari<\/strong><\/p>\n<ul>\n<li>Interf\u00edcie<\/li>\n<li>Importaci\u00f3 de v\u00eddeos<\/li>\n<li>Biblioteca d&#8217;Esdeveniments<\/li>\n<li>Biblioteca de projectes<\/li>\n<li>Preselecci\u00f3 del contingut<\/li>\n<li>Creaci\u00f3 i caracter\u00edstiques d&#8217;un projecte<\/li>\n<li>Transicions i efectes<\/li>\n<li>Multim\u00e8dia<\/li>\n<li>\u00c0udio<\/li>\n<li>Afegir i animar contingut multim\u00e8dia: Fotos, Textos, Transicions, Mapes, Fons.<\/li>\n<li>Crear un tr\u00e0iler<\/li>\n<li>Finestra Paraules clau (avan\u00e7at)<\/li>\n<li>Crear cap\u00edtols<\/li>\n<li>Subtitulaci\u00f3<\/li>\n<li>Compartir v\u00eddeo a Youtube, Vimeo, etc.<\/li>\n<\/ul>\n<p><span style=\"color: #d91687;\"><strong>Horaris i lloc<\/strong><\/span><br \/>\nVesprades dos dies entre setmana, a convenir, de 18:00 a 20:30 hores. Les classes poden ser a l\u2019estudi del tutor o b\u00e9 al de l\u2019alumne (Castell\u00f3 de la Plana).<\/p>\n<p><strong><span style=\"color: #cc2380;\"><a style=\"color: #cc2380;\" href=\"\/vetavisual\/contacte\/\">&gt;&gt; Informa&#8217;t ac\u00ed &lt;&lt;<\/a><\/span> <\/strong><br \/>\no b\u00e9 per correu-e a:<strong> <em>cursos\u00a0[arrova] vetavisual.com<\/em><\/strong><\/p>\n<\/div>\n\n\n\n\n\t\t\t<\/div> \n\t\t<\/div>\n\t<\/div> \n\n\t<div  class=\"vc_col-sm-2 wpb_column column_container vc_column_container col no-extra-padding inherit_tablet inherit_phone \"  data-padding-pos=\"all\" data-has-bg-color=\"false\" data-bg-color=\"\" data-bg-opacity=\"1\" data-animation=\"\" data-delay=\"0\" >\n\t\t<div class=\"vc_column-inner\" >\n\t\t\t<div class=\"wpb_wrapper\">\n\t\t\t\t\n\t\t\t<\/div> \n\t\t<\/div>\n\t<\/div> \n<\/div><\/div>\n","protected":false},"excerpt":{"rendered":"El curs est\u00e0 destinat tant\u00a0a principiants com a artistes, creatius i professionals de diferents sectors empresarials que volen adquirir compet\u00e8ncies b\u00e0siques per editar i crear v\u00eddeos de manera r\u00e0pida i...","protected":false},"author":1,"featured_media":190,"parent":0,"menu_order":0,"comment_status":"open","ping_status":"open","template":"","meta":{"footnotes":""},"class_list":["post-188","page","type-page","status-publish","has-post-thumbnail"],"yoast_head":"<!-- This site is optimized with the Yoast SEO plugin v27.4 - https:\/\/yoast.com\/product\/yoast-seo-wordpress\/ -->\n<title>Classes particulars d&#039;iMovie - Veta Visual<\/title>\n<meta name=\"robots\" content=\"index, follow, max-snippet:-1, max-image-preview:large, max-video-preview:-1\" \/>\n<link rel=\"canonical\" href=\"https:\/\/www.vetavisual.com\/es\/classes-particulars-dimovie\/\" \/>\n<meta property=\"og:locale\" content=\"es_ES\" \/>\n<meta property=\"og:type\" content=\"article\" \/>\n<meta property=\"og:title\" content=\"Classes particulars d&#039;iMovie - Veta Visual\" \/>\n<meta property=\"og:url\" content=\"https:\/\/www.vetavisual.com\/es\/classes-particulars-dimovie\/\" \/>\n<meta property=\"og:site_name\" content=\"Veta Visual\" \/>\n<meta property=\"article:modified_time\" content=\"2021-12-27T20:02:24+00:00\" \/>\n<meta property=\"og:image\" content=\"https:\/\/www.vetavisual.com\/wp-content\/uploads\/2014\/09\/imvoie_exemple.jpg\" \/>\n\t<meta property=\"og:image:width\" content=\"1440\" \/>\n\t<meta property=\"og:image:height\" content=\"900\" \/>\n\t<meta property=\"og:image:type\" content=\"image\/jpeg\" \/>\n<meta name=\"twitter:card\" content=\"summary_large_image\" \/>\n<meta name=\"twitter:site\" content=\"@vetavisual\" \/>\n<meta name=\"twitter:label1\" content=\"Tiempo de lectura\" \/>\n\t<meta name=\"twitter:data1\" content=\"3 minutos\" \/>\n<script type=\"application\/ld+json\" class=\"yoast-schema-graph\">{\"@context\":\"https:\\\/\\\/schema.org\",\"@graph\":[{\"@type\":\"WebPage\",\"@id\":\"https:\\\/\\\/www.vetavisual.com\\\/classes-particulars-dimovie\\\/\",\"url\":\"https:\\\/\\\/www.vetavisual.com\\\/classes-particulars-dimovie\\\/\",\"name\":\"Classes particulars d'iMovie - Veta Visual\",\"isPartOf\":{\"@id\":\"https:\\\/\\\/www.vetavisual.com\\\/#website\"},\"primaryImageOfPage\":{\"@id\":\"https:\\\/\\\/www.vetavisual.com\\\/classes-particulars-dimovie\\\/#primaryimage\"},\"image\":{\"@id\":\"https:\\\/\\\/www.vetavisual.com\\\/classes-particulars-dimovie\\\/#primaryimage\"},\"thumbnailUrl\":\"https:\\\/\\\/www.vetavisual.com\\\/wp-content\\\/uploads\\\/2014\\\/09\\\/imvoie_exemple.jpg\",\"datePublished\":\"2014-09-16T17:26:49+00:00\",\"dateModified\":\"2021-12-27T20:02:24+00:00\",\"breadcrumb\":{\"@id\":\"https:\\\/\\\/www.vetavisual.com\\\/classes-particulars-dimovie\\\/#breadcrumb\"},\"inLanguage\":\"es\",\"potentialAction\":[{\"@type\":\"ReadAction\",\"target\":[\"https:\\\/\\\/www.vetavisual.com\\\/classes-particulars-dimovie\\\/\"]}]},{\"@type\":\"ImageObject\",\"inLanguage\":\"es\",\"@id\":\"https:\\\/\\\/www.vetavisual.com\\\/classes-particulars-dimovie\\\/#primaryimage\",\"url\":\"https:\\\/\\\/www.vetavisual.com\\\/wp-content\\\/uploads\\\/2014\\\/09\\\/imvoie_exemple.jpg\",\"contentUrl\":\"https:\\\/\\\/www.vetavisual.com\\\/wp-content\\\/uploads\\\/2014\\\/09\\\/imvoie_exemple.jpg\",\"width\":1440,\"height\":900},{\"@type\":\"BreadcrumbList\",\"@id\":\"https:\\\/\\\/www.vetavisual.com\\\/classes-particulars-dimovie\\\/#breadcrumb\",\"itemListElement\":[{\"@type\":\"ListItem\",\"position\":1,\"name\":\"Inici\",\"item\":\"https:\\\/\\\/www.vetavisual.com\\\/\"},{\"@type\":\"ListItem\",\"position\":2,\"name\":\"Classes particulars d&#8217;iMovie\"}]},{\"@type\":\"WebSite\",\"@id\":\"https:\\\/\\\/www.vetavisual.com\\\/#website\",\"url\":\"https:\\\/\\\/www.vetavisual.com\\\/\",\"name\":\"Veta Visual\",\"description\":\"Serveis de comunicaci\u00f3 gr\u00e0fica i editorial\",\"publisher\":{\"@id\":\"https:\\\/\\\/www.vetavisual.com\\\/#organization\"},\"potentialAction\":[{\"@type\":\"SearchAction\",\"target\":{\"@type\":\"EntryPoint\",\"urlTemplate\":\"https:\\\/\\\/www.vetavisual.com\\\/?s={search_term_string}\"},\"query-input\":{\"@type\":\"PropertyValueSpecification\",\"valueRequired\":true,\"valueName\":\"search_term_string\"}}],\"inLanguage\":\"es\"},{\"@type\":\"Organization\",\"@id\":\"https:\\\/\\\/www.vetavisual.com\\\/#organization\",\"name\":\"Veta Visual\",\"url\":\"https:\\\/\\\/www.vetavisual.com\\\/\",\"logo\":{\"@type\":\"ImageObject\",\"inLanguage\":\"es\",\"@id\":\"https:\\\/\\\/www.vetavisual.com\\\/#\\\/schema\\\/logo\\\/image\\\/\",\"url\":\"https:\\\/\\\/www.vetavisual.com\\\/wp-content\\\/uploads\\\/2021\\\/02\\\/vv_logo_color.png\",\"contentUrl\":\"https:\\\/\\\/www.vetavisual.com\\\/wp-content\\\/uploads\\\/2021\\\/02\\\/vv_logo_color.png\",\"width\":1900,\"height\":400,\"caption\":\"Veta Visual\"},\"image\":{\"@id\":\"https:\\\/\\\/www.vetavisual.com\\\/#\\\/schema\\\/logo\\\/image\\\/\"},\"sameAs\":[\"https:\\\/\\\/x.com\\\/vetavisual\"]}]}<\/script>\n<!-- \/ Yoast SEO plugin. -->","yoast_head_json":{"title":"Classes particulars d'iMovie - Veta Visual","robots":{"index":"index","follow":"follow","max-snippet":"max-snippet:-1","max-image-preview":"max-image-preview:large","max-video-preview":"max-video-preview:-1"},"canonical":"https:\/\/www.vetavisual.com\/es\/classes-particulars-dimovie\/","og_locale":"es_ES","og_type":"article","og_title":"Classes particulars d'iMovie - Veta Visual","og_url":"https:\/\/www.vetavisual.com\/es\/classes-particulars-dimovie\/","og_site_name":"Veta Visual","article_modified_time":"2021-12-27T20:02:24+00:00","og_image":[{"width":1440,"height":900,"url":"https:\/\/www.vetavisual.com\/wp-content\/uploads\/2014\/09\/imvoie_exemple.jpg","type":"image\/jpeg"}],"twitter_card":"summary_large_image","twitter_site":"@vetavisual","twitter_misc":{"Tiempo de lectura":"3 minutos"},"schema":{"@context":"https:\/\/schema.org","@graph":[{"@type":"WebPage","@id":"https:\/\/www.vetavisual.com\/classes-particulars-dimovie\/","url":"https:\/\/www.vetavisual.com\/classes-particulars-dimovie\/","name":"Classes particulars d'iMovie - Veta Visual","isPartOf":{"@id":"https:\/\/www.vetavisual.com\/#website"},"primaryImageOfPage":{"@id":"https:\/\/www.vetavisual.com\/classes-particulars-dimovie\/#primaryimage"},"image":{"@id":"https:\/\/www.vetavisual.com\/classes-particulars-dimovie\/#primaryimage"},"thumbnailUrl":"https:\/\/www.vetavisual.com\/wp-content\/uploads\/2014\/09\/imvoie_exemple.jpg","datePublished":"2014-09-16T17:26:49+00:00","dateModified":"2021-12-27T20:02:24+00:00","breadcrumb":{"@id":"https:\/\/www.vetavisual.com\/classes-particulars-dimovie\/#breadcrumb"},"inLanguage":"es","potentialAction":[{"@type":"ReadAction","target":["https:\/\/www.vetavisual.com\/classes-particulars-dimovie\/"]}]},{"@type":"ImageObject","inLanguage":"es","@id":"https:\/\/www.vetavisual.com\/classes-particulars-dimovie\/#primaryimage","url":"https:\/\/www.vetavisual.com\/wp-content\/uploads\/2014\/09\/imvoie_exemple.jpg","contentUrl":"https:\/\/www.vetavisual.com\/wp-content\/uploads\/2014\/09\/imvoie_exemple.jpg","width":1440,"height":900},{"@type":"BreadcrumbList","@id":"https:\/\/www.vetavisual.com\/classes-particulars-dimovie\/#breadcrumb","itemListElement":[{"@type":"ListItem","position":1,"name":"Inici","item":"https:\/\/www.vetavisual.com\/"},{"@type":"ListItem","position":2,"name":"Classes particulars d&#8217;iMovie"}]},{"@type":"WebSite","@id":"https:\/\/www.vetavisual.com\/#website","url":"https:\/\/www.vetavisual.com\/","name":"Veta Visual","description":"Serveis de comunicaci\u00f3 gr\u00e0fica i editorial","publisher":{"@id":"https:\/\/www.vetavisual.com\/#organization"},"potentialAction":[{"@type":"SearchAction","target":{"@type":"EntryPoint","urlTemplate":"https:\/\/www.vetavisual.com\/?s={search_term_string}"},"query-input":{"@type":"PropertyValueSpecification","valueRequired":true,"valueName":"search_term_string"}}],"inLanguage":"es"},{"@type":"Organization","@id":"https:\/\/www.vetavisual.com\/#organization","name":"Veta Visual","url":"https:\/\/www.vetavisual.com\/","logo":{"@type":"ImageObject","inLanguage":"es","@id":"https:\/\/www.vetavisual.com\/#\/schema\/logo\/image\/","url":"https:\/\/www.vetavisual.com\/wp-content\/uploads\/2021\/02\/vv_logo_color.png","contentUrl":"https:\/\/www.vetavisual.com\/wp-content\/uploads\/2021\/02\/vv_logo_color.png","width":1900,"height":400,"caption":"Veta Visual"},"image":{"@id":"https:\/\/www.vetavisual.com\/#\/schema\/logo\/image\/"},"sameAs":["https:\/\/x.com\/vetavisual"]}]}},"_links":{"self":[{"href":"https:\/\/www.vetavisual.com\/es\/wp-json\/wp\/v2\/pages\/188","targetHints":{"allow":["GET"]}}],"collection":[{"href":"https:\/\/www.vetavisual.com\/es\/wp-json\/wp\/v2\/pages"}],"about":[{"href":"https:\/\/www.vetavisual.com\/es\/wp-json\/wp\/v2\/types\/page"}],"author":[{"embeddable":true,"href":"https:\/\/www.vetavisual.com\/es\/wp-json\/wp\/v2\/users\/1"}],"replies":[{"embeddable":true,"href":"https:\/\/www.vetavisual.com\/es\/wp-json\/wp\/v2\/comments?post=188"}],"version-history":[{"count":0,"href":"https:\/\/www.vetavisual.com\/es\/wp-json\/wp\/v2\/pages\/188\/revisions"}],"wp:featuredmedia":[{"embeddable":true,"href":"https:\/\/www.vetavisual.com\/es\/wp-json\/wp\/v2\/media\/190"}],"wp:attachment":[{"href":"https:\/\/www.vetavisual.com\/es\/wp-json\/wp\/v2\/media?parent=188"}],"curies":[{"name":"wp","href":"https:\/\/api.w.org\/{rel}","templated":true}]}}