{"id":610,"date":"2014-09-28T17:10:54","date_gmt":"2014-09-28T17:10:54","guid":{"rendered":"https:\/\/www.vetavisual.com\/?page_id=610"},"modified":"2021-12-27T21:18:40","modified_gmt":"2021-12-27T19:18:40","slug":"col%c2%b7laboradors","status":"publish","type":"page","link":"https:\/\/www.vetavisual.com\/es\/col%c2%b7laboradors\/","title":{"rendered":"Col\u00b7laboracions"},"content":{"rendered":"<div id=\"fws_69dff45edb57c\"  data-column-margin=\"default\" data-midnight=\"dark\"  class=\"wpb_row vc_row-fluid vc_row\"  style=\"padding-top: 0px; padding-bottom: 0px; \"><div class=\"row-bg-wrap\" data-bg-animation=\"none\" data-bg-animation-delay=\"\" data-bg-overlay=\"false\"><div class=\"inner-wrap row-bg-layer\" ><div class=\"row-bg viewport-desktop\"  style=\"\"><\/div><\/div><\/div><div class=\"row_col_wrap_12 col span_12 dark left\">\n\t<div  class=\"vc_col-sm-3 wpb_column column_container vc_column_container col no-extra-padding inherit_tablet inherit_phone\"  data-padding-pos=\"all\" data-has-bg-color=\"false\" data-bg-color=\"\" data-bg-opacity=\"1\" data-animation=\"\" data-delay=\"0\" >\n\t\t<div class=\"vc_column-inner\" >\n\t\t\t<div class=\"wpb_wrapper\">\n\t\t\t\t\n\t\t\t<\/div> \n\t\t<\/div>\n\t<\/div> \n\n\t<div  class=\"vc_col-sm-6 wpb_column column_container vc_column_container col no-extra-padding inherit_tablet inherit_phone\"  data-padding-pos=\"all\" data-has-bg-color=\"false\" data-bg-color=\"\" data-bg-opacity=\"1\" data-animation=\"\" data-delay=\"0\" >\n\t\t<div class=\"vc_column-inner\" >\n\t\t\t<div class=\"wpb_wrapper\">\n\t\t\t\t\n<div class=\"wpb_text_column wpb_content_element\" >\n\t<p style=\"text-align: center;\"><strong>Servei de Publicacions Universitat Jaume I<\/strong><br \/>\n<a href=\"http:\/\/ujiapps.uji.es\/serveis\/scp\/publ\/\" target=\"_blank\" rel=\"noopener\"><img loading=\"lazy\" decoding=\"async\" class=\"alignnone size-full wp-image-660\" src=\"https:\/\/www.vetavisual.com\/wp-content\/uploads\/2014\/09\/logo_uji_vertical.png\" alt=\"uji\" width=\"108\" height=\"105\" \/><\/a><\/p>\n<p>&nbsp;<\/p>\n<p style=\"text-align: center;\"><strong>Serveis d\u2019Impressi\u00f3 Digital<\/strong><br \/>\n<a href=\"http:\/\/www.llardigital.com\"><img loading=\"lazy\" decoding=\"async\" class=\"alignnone size-full wp-image-611\" src=\"https:\/\/www.vetavisual.com\/wp-content\/uploads\/2014\/09\/LLAR-DIGITAL.png\" alt=\"LLAR Digital, col\u00b7laborador\" width=\"209\" height=\"45\" \/><\/a><\/p>\n<p>&nbsp;<\/p>\n<p style=\"text-align: center;\"><strong>Serveis d\u2019Impressi\u00f3 Offset<\/strong><br \/>\n<a href=\"http:\/\/www.logui.com\"><img loading=\"lazy\" decoding=\"async\" class=\"alignnone size-full wp-image-614\" src=\"https:\/\/www.vetavisual.com\/wp-content\/uploads\/2014\/09\/logui-impremta.png\" alt=\"Impremta Logui, col\u00b7laborador\" width=\"285\" height=\"58\" \/><\/a><\/p>\n<p>&nbsp;<\/p>\n<p style=\"text-align: center;\"><strong>the blank page<\/strong>. Serveis de traducci\u00f3 i correcci\u00f3.<br \/>\n<a href=\"http:\/\/www.theblankpage.cat\/ca\/\" target=\"_blank\" rel=\"noopener\"><img loading=\"lazy\" decoding=\"async\" class=\"alignnone size-full wp-image-666 aligncenter\" src=\"https:\/\/www.vetavisual.com\/wp-content\/uploads\/2014\/09\/theblankpage-logo.png\" alt=\"theblankpage-logo\" width=\"150\" height=\"140\" \/><\/a><\/p>\n<\/div>\n\n\n\n\n\t\t\t<\/div> \n\t\t<\/div>\n\t<\/div> \n\n\t<div  class=\"vc_col-sm-3 wpb_column column_container vc_column_container col no-extra-padding inherit_tablet inherit_phone\"  data-padding-pos=\"all\" data-has-bg-color=\"false\" data-bg-color=\"\" data-bg-opacity=\"1\" data-animation=\"\" data-delay=\"0\" >\n\t\t<div class=\"vc_column-inner\" >\n\t\t\t<div class=\"wpb_wrapper\">\n\t\t\t\t\n\t\t\t<\/div> \n\t\t<\/div>\n\t<\/div> \n<\/div><\/div>","protected":false},"excerpt":{"rendered":"Servei de Publicacions Universitat Jaume I &nbsp; Serveis d\u2019Impressi\u00f3 Digital &nbsp; Serveis d\u2019Impressi\u00f3 Offset &nbsp; the blank page. Serveis de traducci\u00f3 i correcci\u00f3.","protected":false},"author":1,"featured_media":620,"parent":0,"menu_order":0,"comment_status":"closed","ping_status":"closed","template":"","meta":{"footnotes":""},"class_list":["post-610","page","type-page","status-publish","has-post-thumbnail"],"yoast_head":"<!-- This site is optimized with the Yoast SEO plugin v27.4 - https:\/\/yoast.com\/product\/yoast-seo-wordpress\/ -->\n<title>Col\u00b7laboracions - Veta Visual<\/title>\n<meta name=\"robots\" content=\"index, follow, max-snippet:-1, max-image-preview:large, max-video-preview:-1\" \/>\n<link rel=\"canonical\" href=\"https:\/\/www.vetavisual.com\/es\/col\u00b7laboradors\/\" \/>\n<meta property=\"og:locale\" content=\"es_ES\" \/>\n<meta property=\"og:type\" content=\"article\" \/>\n<meta property=\"og:title\" content=\"Col\u00b7laboracions - Veta Visual\" \/>\n<meta property=\"og:url\" content=\"https:\/\/www.vetavisual.com\/es\/col\u00b7laboradors\/\" \/>\n<meta property=\"og:site_name\" content=\"Veta Visual\" \/>\n<meta property=\"article:modified_time\" content=\"2021-12-27T19:18:40+00:00\" \/>\n<meta property=\"og:image\" content=\"https:\/\/www.vetavisual.com\/wp-content\/uploads\/2014\/09\/veta-visual-collaboradors.jpg\" \/>\n\t<meta property=\"og:image:width\" content=\"912\" \/>\n\t<meta property=\"og:image:height\" content=\"1600\" \/>\n\t<meta property=\"og:image:type\" content=\"image\/jpeg\" \/>\n<meta name=\"twitter:card\" content=\"summary_large_image\" \/>\n<meta name=\"twitter:site\" content=\"@vetavisual\" \/>\n<meta name=\"twitter:label1\" content=\"Tiempo de lectura\" \/>\n\t<meta name=\"twitter:data1\" content=\"2 minutos\" \/>\n<script type=\"application\/ld+json\" class=\"yoast-schema-graph\">{\"@context\":\"https:\\\/\\\/schema.org\",\"@graph\":[{\"@type\":\"WebPage\",\"@id\":\"https:\\\/\\\/www.vetavisual.com\\\/col%c2%b7laboradors\\\/\",\"url\":\"https:\\\/\\\/www.vetavisual.com\\\/col%c2%b7laboradors\\\/\",\"name\":\"Col\u00b7laboracions - Veta Visual\",\"isPartOf\":{\"@id\":\"https:\\\/\\\/www.vetavisual.com\\\/#website\"},\"primaryImageOfPage\":{\"@id\":\"https:\\\/\\\/www.vetavisual.com\\\/col%c2%b7laboradors\\\/#primaryimage\"},\"image\":{\"@id\":\"https:\\\/\\\/www.vetavisual.com\\\/col%c2%b7laboradors\\\/#primaryimage\"},\"thumbnailUrl\":\"https:\\\/\\\/www.vetavisual.com\\\/wp-content\\\/uploads\\\/2014\\\/09\\\/veta-visual-collaboradors.jpg\",\"datePublished\":\"2014-09-28T17:10:54+00:00\",\"dateModified\":\"2021-12-27T19:18:40+00:00\",\"breadcrumb\":{\"@id\":\"https:\\\/\\\/www.vetavisual.com\\\/col%c2%b7laboradors\\\/#breadcrumb\"},\"inLanguage\":\"es\",\"potentialAction\":[{\"@type\":\"ReadAction\",\"target\":[\"https:\\\/\\\/www.vetavisual.com\\\/col%c2%b7laboradors\\\/\"]}]},{\"@type\":\"ImageObject\",\"inLanguage\":\"es\",\"@id\":\"https:\\\/\\\/www.vetavisual.com\\\/col%c2%b7laboradors\\\/#primaryimage\",\"url\":\"https:\\\/\\\/www.vetavisual.com\\\/wp-content\\\/uploads\\\/2014\\\/09\\\/veta-visual-collaboradors.jpg\",\"contentUrl\":\"https:\\\/\\\/www.vetavisual.com\\\/wp-content\\\/uploads\\\/2014\\\/09\\\/veta-visual-collaboradors.jpg\",\"width\":912,\"height\":1600},{\"@type\":\"BreadcrumbList\",\"@id\":\"https:\\\/\\\/www.vetavisual.com\\\/col%c2%b7laboradors\\\/#breadcrumb\",\"itemListElement\":[{\"@type\":\"ListItem\",\"position\":1,\"name\":\"Inici\",\"item\":\"https:\\\/\\\/www.vetavisual.com\\\/\"},{\"@type\":\"ListItem\",\"position\":2,\"name\":\"Col\u00b7laboracions\"}]},{\"@type\":\"WebSite\",\"@id\":\"https:\\\/\\\/www.vetavisual.com\\\/#website\",\"url\":\"https:\\\/\\\/www.vetavisual.com\\\/\",\"name\":\"Veta Visual\",\"description\":\"Serveis de comunicaci\u00f3 gr\u00e0fica i editorial\",\"publisher\":{\"@id\":\"https:\\\/\\\/www.vetavisual.com\\\/#organization\"},\"potentialAction\":[{\"@type\":\"SearchAction\",\"target\":{\"@type\":\"EntryPoint\",\"urlTemplate\":\"https:\\\/\\\/www.vetavisual.com\\\/?s={search_term_string}\"},\"query-input\":{\"@type\":\"PropertyValueSpecification\",\"valueRequired\":true,\"valueName\":\"search_term_string\"}}],\"inLanguage\":\"es\"},{\"@type\":\"Organization\",\"@id\":\"https:\\\/\\\/www.vetavisual.com\\\/#organization\",\"name\":\"Veta Visual\",\"url\":\"https:\\\/\\\/www.vetavisual.com\\\/\",\"logo\":{\"@type\":\"ImageObject\",\"inLanguage\":\"es\",\"@id\":\"https:\\\/\\\/www.vetavisual.com\\\/#\\\/schema\\\/logo\\\/image\\\/\",\"url\":\"https:\\\/\\\/www.vetavisual.com\\\/wp-content\\\/uploads\\\/2021\\\/02\\\/vv_logo_color.png\",\"contentUrl\":\"https:\\\/\\\/www.vetavisual.com\\\/wp-content\\\/uploads\\\/2021\\\/02\\\/vv_logo_color.png\",\"width\":1900,\"height\":400,\"caption\":\"Veta Visual\"},\"image\":{\"@id\":\"https:\\\/\\\/www.vetavisual.com\\\/#\\\/schema\\\/logo\\\/image\\\/\"},\"sameAs\":[\"https:\\\/\\\/x.com\\\/vetavisual\"]}]}<\/script>\n<!-- \/ Yoast SEO plugin. -->","yoast_head_json":{"title":"Col\u00b7laboracions - Veta Visual","robots":{"index":"index","follow":"follow","max-snippet":"max-snippet:-1","max-image-preview":"max-image-preview:large","max-video-preview":"max-video-preview:-1"},"canonical":"https:\/\/www.vetavisual.com\/es\/col\u00b7laboradors\/","og_locale":"es_ES","og_type":"article","og_title":"Col\u00b7laboracions - Veta Visual","og_url":"https:\/\/www.vetavisual.com\/es\/col\u00b7laboradors\/","og_site_name":"Veta Visual","article_modified_time":"2021-12-27T19:18:40+00:00","og_image":[{"width":912,"height":1600,"url":"https:\/\/www.vetavisual.com\/wp-content\/uploads\/2014\/09\/veta-visual-collaboradors.jpg","type":"image\/jpeg"}],"twitter_card":"summary_large_image","twitter_site":"@vetavisual","twitter_misc":{"Tiempo de lectura":"2 minutos"},"schema":{"@context":"https:\/\/schema.org","@graph":[{"@type":"WebPage","@id":"https:\/\/www.vetavisual.com\/col%c2%b7laboradors\/","url":"https:\/\/www.vetavisual.com\/col%c2%b7laboradors\/","name":"Col\u00b7laboracions - Veta Visual","isPartOf":{"@id":"https:\/\/www.vetavisual.com\/#website"},"primaryImageOfPage":{"@id":"https:\/\/www.vetavisual.com\/col%c2%b7laboradors\/#primaryimage"},"image":{"@id":"https:\/\/www.vetavisual.com\/col%c2%b7laboradors\/#primaryimage"},"thumbnailUrl":"https:\/\/www.vetavisual.com\/wp-content\/uploads\/2014\/09\/veta-visual-collaboradors.jpg","datePublished":"2014-09-28T17:10:54+00:00","dateModified":"2021-12-27T19:18:40+00:00","breadcrumb":{"@id":"https:\/\/www.vetavisual.com\/col%c2%b7laboradors\/#breadcrumb"},"inLanguage":"es","potentialAction":[{"@type":"ReadAction","target":["https:\/\/www.vetavisual.com\/col%c2%b7laboradors\/"]}]},{"@type":"ImageObject","inLanguage":"es","@id":"https:\/\/www.vetavisual.com\/col%c2%b7laboradors\/#primaryimage","url":"https:\/\/www.vetavisual.com\/wp-content\/uploads\/2014\/09\/veta-visual-collaboradors.jpg","contentUrl":"https:\/\/www.vetavisual.com\/wp-content\/uploads\/2014\/09\/veta-visual-collaboradors.jpg","width":912,"height":1600},{"@type":"BreadcrumbList","@id":"https:\/\/www.vetavisual.com\/col%c2%b7laboradors\/#breadcrumb","itemListElement":[{"@type":"ListItem","position":1,"name":"Inici","item":"https:\/\/www.vetavisual.com\/"},{"@type":"ListItem","position":2,"name":"Col\u00b7laboracions"}]},{"@type":"WebSite","@id":"https:\/\/www.vetavisual.com\/#website","url":"https:\/\/www.vetavisual.com\/","name":"Veta Visual","description":"Serveis de comunicaci\u00f3 gr\u00e0fica i editorial","publisher":{"@id":"https:\/\/www.vetavisual.com\/#organization"},"potentialAction":[{"@type":"SearchAction","target":{"@type":"EntryPoint","urlTemplate":"https:\/\/www.vetavisual.com\/?s={search_term_string}"},"query-input":{"@type":"PropertyValueSpecification","valueRequired":true,"valueName":"search_term_string"}}],"inLanguage":"es"},{"@type":"Organization","@id":"https:\/\/www.vetavisual.com\/#organization","name":"Veta Visual","url":"https:\/\/www.vetavisual.com\/","logo":{"@type":"ImageObject","inLanguage":"es","@id":"https:\/\/www.vetavisual.com\/#\/schema\/logo\/image\/","url":"https:\/\/www.vetavisual.com\/wp-content\/uploads\/2021\/02\/vv_logo_color.png","contentUrl":"https:\/\/www.vetavisual.com\/wp-content\/uploads\/2021\/02\/vv_logo_color.png","width":1900,"height":400,"caption":"Veta Visual"},"image":{"@id":"https:\/\/www.vetavisual.com\/#\/schema\/logo\/image\/"},"sameAs":["https:\/\/x.com\/vetavisual"]}]}},"_links":{"self":[{"href":"https:\/\/www.vetavisual.com\/es\/wp-json\/wp\/v2\/pages\/610","targetHints":{"allow":["GET"]}}],"collection":[{"href":"https:\/\/www.vetavisual.com\/es\/wp-json\/wp\/v2\/pages"}],"about":[{"href":"https:\/\/www.vetavisual.com\/es\/wp-json\/wp\/v2\/types\/page"}],"author":[{"embeddable":true,"href":"https:\/\/www.vetavisual.com\/es\/wp-json\/wp\/v2\/users\/1"}],"replies":[{"embeddable":true,"href":"https:\/\/www.vetavisual.com\/es\/wp-json\/wp\/v2\/comments?post=610"}],"version-history":[{"count":0,"href":"https:\/\/www.vetavisual.com\/es\/wp-json\/wp\/v2\/pages\/610\/revisions"}],"wp:featuredmedia":[{"embeddable":true,"href":"https:\/\/www.vetavisual.com\/es\/wp-json\/wp\/v2\/media\/620"}],"wp:attachment":[{"href":"https:\/\/www.vetavisual.com\/es\/wp-json\/wp\/v2\/media?parent=610"}],"curies":[{"name":"wp","href":"https:\/\/api.w.org\/{rel}","templated":true}]}}