{"id":741,"date":"2018-11-08T12:27:41","date_gmt":"2018-11-08T10:27:41","guid":{"rendered":"https:\/\/www.vetavisual.com\/?page_id=741"},"modified":"2021-12-27T21:47:23","modified_gmt":"2021-12-27T19:47:23","slug":"informacio-legal","status":"publish","type":"page","link":"https:\/\/www.vetavisual.com\/es\/informacio-legal\/","title":{"rendered":"Informaci\u00f3 legal"},"content":{"rendered":"\n\t\t<div id=\"fws_69dff42f34b8b\"  data-column-margin=\"default\" data-midnight=\"dark\"  class=\"wpb_row vc_row-fluid vc_row\"  style=\"padding-top: 0px; padding-bottom: 0px; \"><div class=\"row-bg-wrap\" data-bg-animation=\"none\" data-bg-animation-delay=\"\" data-bg-overlay=\"false\"><div class=\"inner-wrap row-bg-layer\" ><div class=\"row-bg viewport-desktop\"  style=\"\"><\/div><\/div><\/div><div class=\"row_col_wrap_12 col span_12 dark left\">\n\t<div  class=\"vc_col-sm-8 wpb_column column_container vc_column_container col no-extra-padding inherit_tablet inherit_phone \"  data-padding-pos=\"all\" data-has-bg-color=\"false\" data-bg-color=\"\" data-bg-opacity=\"1\" data-animation=\"\" data-delay=\"0\" >\n\t\t<div class=\"vc_column-inner\" >\n\t\t\t<div class=\"wpb_wrapper\">\n\t\t\t\t\n<div class=\"wpb_text_column wpb_content_element \" >\n\t<p><b>Condicions generals<\/b><br \/>\nAquestes condicions generals regulen l\u2019\u00fas i acc\u00e9s al lloc web i altres serveis d\u2019Internet que \u00abvetavisual.com\u00bb posa a la disposici\u00f3 dels usuaris a trav\u00e9s de l\u2019adre\u00e7a electr\u00f2nica: https:\/\/www.vetavisual.com\/. El lloc web \u00abvetavisual.com\u00bb \u00e9s propietat de VETA VISUAL [Josep Porcar Museros], amb correu electr\u00f2nic disseny [arrova] vetavisual [punt] com.<\/p>\n<p><b>Objecte<\/b><br \/>\nAquest web t\u00e9 per objecte principal la difusi\u00f3 corporativa de la marca VETA VISUAL [Josep Porcar Museros].<\/p>\n<p><b>Condicions d\u2019utilitzaci\u00f3 per a l\u2019usuari<\/b><br \/>\nL\u2019usuari es compromet a fer un \u00fas adequat, correcte i l\u00edcit dels continguts i serveis del lloc web. Queden estrictament prohibides les activitats il\u00b7legals, il\u00b7l\u00edcites o contr\u00e0ries a la bona fe i a l\u2019ordre p\u00fablic; i en general, tota conducta que atempte, indu\u00efsca o puga atemptar contra el respecte a la dignitat humana i al principi de no discriminaci\u00f3 per motius de ra\u00e7a, sexe, religi\u00f3, opini\u00f3, nacionalitat o qualsevol altra circumst\u00e0ncia personal o social; contra la protecci\u00f3 de la salut p\u00fablica i dels consumidors i usuaris; o la protecci\u00f3 de la joventut i de la inf\u00e0ncia. Aix\u00ed mateix, queda prohibida tota activitat dirigida a suplantar qualsevol persona o entitat, o a interferir, violar, alterar o desconnectar el sistema, servidors, xarxes o continguts, aix\u00ed com incomplir qualsevol requisit de connexi\u00f3. \u00abvetavisual.com\u00bb es reserva el dret d\u2019excloure l\u2019usuari del servei sense previ av\u00eds, i a adoptar quantes mesures considere oportunes a cada moment, a fi d\u2019evitar les conductes i activitats indicades.<\/p>\n<p><b>Drets i obligacions: llic\u00e8ncia d\u2019\u00fas dels continguts d\u2019aquest web<\/b><br \/>\nS\u2019adverteix expressament que tota mena de publicaci\u00f3 textual o escrita incloses en \u00abvetavisual.com\u00bb es troba protegida per la llic\u00e8ncia internacional de publicaci\u00f3 en xarxa <a href=\"http:\/\/creativecommons.org\/licenses\/by-nd-nc\/1.0\/deed.ca\">Creative Commons<\/a> [\u00a9\u00a9]: els textos, imatges i qualsevol altre contingut audiovisual o documental d\u2019aquest webblog poden ser redistribu\u00efts i exhibits de forma NO comercial, sempre que se cite l\u2019autoria. L\u2019autor no es fa responsable de les opinions abocades en els comentaris. Queda reservat el dret de l\u2019autor a suprimir qualsevol insult o expressi\u00f3 ofensiva que poguera realitzar-se contra altres persones f\u00edsiques o jur\u00eddiques. Especialment, no podr\u00e0 alterar els continguts, modificar-los o suprimir-los ni total ni parcialment. En cap cas, aix\u00f2 significar\u00e0 cap mena d\u2019autoritzaci\u00f3 sobre els drets de propietat intel\u00b7lectual de \u00abvetavisual.com\u00bb.<\/p>\n<p>\u00abvetavisual.com\u00bb es reserva la possibilitat d\u2019exercir accions legals contra els usuaris que violen o infringisquen els seus drets de Propietat Intel\u00b7lectual i\/o Intel\u00b7lectual.<\/p>\n<p><b>Pol\u00edtica de Privadesa<\/b><br \/>\nEn cas que siga requerit a un usuari \u2013persona f\u00edsica\u2013 el registre de les seues dades personals, a fi de possibilitar-ne l\u2019acc\u00e9s, \u00fas o contractaci\u00f3 d\u2019algun servei facilitat a trav\u00e9s del lloc web \u00abvetavisual.com\u00bb, se li informa expressament que aquestes dades, juntament amb les que s\u2019hi originen com a conseq\u00fc\u00e8ncia de l\u2019execuci\u00f3 del servei, resulten necessaris per al desenvolupament, control, gesti\u00f3 i execuci\u00f3 dels serveis contractats i que les esmentades dades seran incorporades als fitxers creats a aquest efecte en cada cas. La introducci\u00f3 i registre de les dades personals per part de l\u2019usuari comportar\u00e0 l\u2019acceptaci\u00f3 i autoritzaci\u00f3 expressa a \u00abvetavisual.com\u00bb per a la recollida, incorporaci\u00f3 als respectius fitxers i el tractament d\u2019aquestes dades personals, aix\u00ed com per a la seua conservaci\u00f3 durant els terminis previstos en les disposicions aplicables.<\/p>\n<p>Aix\u00ed mateix, s\u2019adverteix a l\u2019usuari que el registre de les dades personals aportades en el moment de la subscripci\u00f3 o contractaci\u00f3 de serveis, i qualsevol altra facilitada durant la seua relaci\u00f3, comportar\u00e0 a m\u00e9s l\u2019acceptaci\u00f3 de car\u00e0cter voluntari per part de l\u2019usuari en relaci\u00f3 al tractament d\u2019aquestes dades personals per \u00abvetavisual.com\u00bb a fi de ser segmentats o categoritzats, de mantenir l\u2019usuari al corrent de la seua situaci\u00f3 al web i de poder remetre-li informacions, ofertes o promocions dels seus productes i serveis, elaborar perfils o, si s\u2019escau, per a l\u2019an\u00e0lisi de propostes sol\u00b7licitades per l\u2019usuari.<\/p>\n<p>L\u2019usuari podr\u00e0 exercir en qualsevol moment el seu dret d\u2019acc\u00e9s, rectificaci\u00f3, cancel\u00b7laci\u00f3 i oposici\u00f3 de les seues dades, i revocar l\u2019autoritzaci\u00f3 concedida perqu\u00e8 \u00abvetavisual.com\u00bb envie comunicacions promocionals, notificant-lo a \u00abvetavisual.com\u00bb amb l\u2019enviament d\u2019un e-mail a l\u2019adre\u00e7a de correu electr\u00f2nic: disseny [arrova] vetavisual [punt] com, o mitjan\u00e7ant carta dirigida al domicili social esmentat en les condicions generals (primer par\u00e0graf).<\/p>\n<p>Si vost\u00e8 inclou en els formularis del lloc web dades de car\u00e0cter personal i\/o dades d\u2019empresa referents a terceres persones i\/o empreses, haur\u00e0 de, amb car\u00e0cter previ a la seua inclusi\u00f3, sol\u00b7licitar-ne la seua autoritzaci\u00f3 i comunicar-los les disposicions contingudes en els par\u00e0grafs anteriors.<\/p>\n<p>Finalment, s\u2019adverteix a l\u2019usuari que es pot facilitar l\u2019acc\u00e9s a la p\u00e0gina web de \u00abvetavisual.com\u00bb mitjan\u00e7ant enlla\u00e7os (links) des d\u2019uns altres llocs web corresponent a entitats, companyies, institucions o organitzacions alienes a \u00abvetavisual.com\u00bb. \u00abvetavisual.com\u00bb no ser\u00e0 responsable en relaci\u00f3 amb el registre que en aquests llocs webs es fa\u00e7a de les dades personals per part de l\u2019usuari.<\/p>\n<p><b>Responsabilitat<\/b><br \/>\n\u00abvetavisual.com\u00bb no garanteix que l\u2019acc\u00e9s al lloc web siga ininterromput o que estiga lliure d\u2019error; com tampoc es responsabilitza ni garanteix que el contingut o programari al que es puga accedir a trav\u00e9s d\u2019aquesta web siga ininterromput, estiga lliure d\u2019error o cause un dany a l\u2019usuari.<\/p>\n<p>\u00abvetavisual.com\u00bb no es responsabilitza ni garanteix l\u2019aprofitament de la informaci\u00f3, o contingut d\u2019aquest web, que es poguera canalitzar per a prop\u00f2sits particulars i en cap cas ser\u00e0 responsable per les p\u00e8rdues o danys de qualsevol tipus que puguen generar-se per l\u2019acc\u00e9s i l\u2019\u00fas de la p\u00e0gina web, com per exemple, virus inform\u00e0tics o algun altre tipus de component nociu.<\/p>\n<p>\u00abvetavisual.com\u00bb no assumeix responsabilitat alguna en relaci\u00f3 amb la informaci\u00f3, continguts, productes i serveis oferits o prestats a trav\u00e9s del seu portal per terceres persones o entitats, especialment pels danys i perjudicis de qualsevol tipus que, vinculats a l\u2019anterior, pogueren produir-se per:<\/p>\n<ol>\n<li>Abs\u00e8ncia o defici\u00e8ncies en la informaci\u00f3 facilitada als usuaris o en la seua veracitat, exactitud o sufici\u00e8ncia.<\/li>\n<li>Incompliment o compliment defectu\u00f3s o impuntual dels contractes o relacions precontractuals.<\/li>\n<li>Incompliment de les obligacions que incumbeixen als prestadors de serveis de la societat de la informaci\u00f3.<\/li>\n<li>Infracci\u00f3 dels drets dels consumidors i usuaris.<\/li>\n<li>Infracci\u00f3 dels drets de Propietat Industrial i Intel\u00b7lectual.<\/li>\n<li>Infracci\u00f3 del dret a la protecci\u00f3 de dades, del secret professional i dels drets a l\u2019honor, a la intimitat personal i familiar i a la imatge de les persones.<\/li>\n<li>En general l\u2019incompliment de qualssevol lleis, costums o codis de conducta que resulten d\u2019aplicaci\u00f3.<\/li>\n<\/ol>\n<p>\u00abvetavisual.com\u00bb tampoc assumeix responsabilitat alguna per danys, perjudicis, p\u00e8rdues, reclamacions o despeses, produ\u00efts per:<\/p>\n<ol>\n<li>Interfer\u00e8ncies, interrupcions, fallades, omissions, avaries telef\u00f2niques, retards, bloquejos o desconnexions en el funcionament del sistema electr\u00f2nic, motivades per defici\u00e8ncies, sobrec\u00e0rregues i errors en les l\u00ednies i xarxes de telecomunicacions, o per qualsevol altra causa aliena al control de \u00abvetavisual.com\u00bb.<\/li>\n<li>Intromissions il\u00b7leg\u00edtimes mitjan\u00e7ant l\u2019\u00fas de programes malignes de qualsevol tipus de comunicaci\u00f3, tals com virus inform\u00e0tics i qualsevol altra mena d\u2019infecci\u00f3 inform\u00e0tica o inger\u00e8ncia il\u00b7l\u00edcita.<\/li>\n<li>\u00das indegut o inadequat de la p\u00e0gina web de \u00abvetavisual.com\u00bb.<\/li>\n<li>Errors de seguretat, o navegaci\u00f3 produ\u00efts per un mal funcionament del navegador o per l\u2019\u00fas de versions no actualitzades dels navegadors.<\/li>\n<\/ol>\n<p>\u00abvetavisual.com\u00bb no \u00e9s responsable de la informaci\u00f3 i altres continguts integrats en espais o p\u00e0gines web de tercers accessibles des del portal \u00abvetavisual.com\u00bb, mitjan\u00e7ant enlla\u00e7os, hipervincles o links, ni de la informaci\u00f3 i altres continguts integrats en espais o p\u00e0gines web de tercers des dels quals s\u2019accedisca mitjan\u00e7ant enlla\u00e7os, hipervincles o links al portal \u00abvetavisual.com\u00bb, o de qualsevol p\u00e0gina web de tercers que es presente sota l\u2019aparen\u00e7a o signes distintius de \u00abvetavisual.com\u00bb, excepte autoritzaci\u00f3 expressa d\u2019aquest \u00faltim.<\/p>\n<p><b>Modificacions<\/b><br \/>\n\u00abvetavisual.com\u00bb es reserva tots els drets per a modificar, limitar o cancel\u00b7lar els termes i condicions aplicables a aquest web, i no assumir\u00e0 cap responsabilitat sobre la seua actualitzaci\u00f3, aix\u00ed com la facultat d\u2019efectuar les modificacions en la configuraci\u00f3 o presentaci\u00f3 de la web que estime oportunes, en qualsevol moment i sense previ av\u00eds.<\/p>\n<p>La informaci\u00f3 continguda en la p\u00e0gina web \u00e9s la vigent en la data de la seua \u00faltima actualitzaci\u00f3 i els continguts del lloc, especialment les refer\u00e8ncies informatives i publicit\u00e0ries, tret que expressament s\u2019indique el contrari, no constitueixen oferta vinculant.<\/p>\n<\/div>\n\n\n\n\n\t\t\t<\/div> \n\t\t<\/div>\n\t<\/div> \n\n\t<div  class=\"vc_col-sm-4 wpb_column column_container vc_column_container col no-extra-padding inherit_tablet inherit_phone \"  data-padding-pos=\"all\" data-has-bg-color=\"false\" data-bg-color=\"\" data-bg-opacity=\"1\" data-animation=\"\" data-delay=\"0\" >\n\t\t<div class=\"vc_column-inner\" >\n\t\t\t<div class=\"wpb_wrapper\">\n\t\t\t\t\n\t\t\t<\/div> \n\t\t<\/div>\n\t<\/div> \n<\/div><\/div>\n","protected":false},"excerpt":{"rendered":"Condicions generals Aquestes condicions generals regulen l\u2019\u00fas i acc\u00e9s al lloc web i altres serveis d\u2019Internet que \u00abvetavisual.com\u00bb posa a la disposici\u00f3 dels usuaris a trav\u00e9s de l\u2019adre\u00e7a electr\u00f2nica: https:\/\/www.vetavisual.com\/....","protected":false},"author":1,"featured_media":566,"parent":0,"menu_order":0,"comment_status":"closed","ping_status":"closed","template":"","meta":{"footnotes":""},"class_list":["post-741","page","type-page","status-publish","has-post-thumbnail"],"yoast_head":"<!-- This site is optimized with the Yoast SEO plugin v27.4 - https:\/\/yoast.com\/product\/yoast-seo-wordpress\/ -->\n<title>Informaci\u00f3 legal - Veta Visual<\/title>\n<meta name=\"robots\" content=\"index, follow, max-snippet:-1, max-image-preview:large, max-video-preview:-1\" \/>\n<link rel=\"canonical\" href=\"https:\/\/www.vetavisual.com\/es\/informacio-legal\/\" \/>\n<meta property=\"og:locale\" content=\"es_ES\" \/>\n<meta property=\"og:type\" content=\"article\" \/>\n<meta property=\"og:title\" content=\"Informaci\u00f3 legal - Veta Visual\" \/>\n<meta property=\"og:url\" content=\"https:\/\/www.vetavisual.com\/es\/informacio-legal\/\" \/>\n<meta property=\"og:site_name\" content=\"Veta Visual\" \/>\n<meta property=\"article:modified_time\" content=\"2021-12-27T19:47:23+00:00\" \/>\n<meta property=\"og:image\" content=\"https:\/\/www.vetavisual.com\/wp-content\/uploads\/2014\/09\/veta-visual-cataleg.jpg\" \/>\n\t<meta property=\"og:image:width\" content=\"2000\" \/>\n\t<meta property=\"og:image:height\" content=\"1177\" \/>\n\t<meta property=\"og:image:type\" content=\"image\/jpeg\" \/>\n<meta name=\"twitter:card\" content=\"summary_large_image\" \/>\n<meta name=\"twitter:site\" content=\"@vetavisual\" \/>\n<meta name=\"twitter:label1\" content=\"Tiempo de lectura\" \/>\n\t<meta name=\"twitter:data1\" content=\"9 minutos\" \/>\n<script type=\"application\/ld+json\" class=\"yoast-schema-graph\">{\"@context\":\"https:\\\/\\\/schema.org\",\"@graph\":[{\"@type\":\"WebPage\",\"@id\":\"https:\\\/\\\/www.vetavisual.com\\\/informacio-legal\\\/\",\"url\":\"https:\\\/\\\/www.vetavisual.com\\\/informacio-legal\\\/\",\"name\":\"Informaci\u00f3 legal - Veta Visual\",\"isPartOf\":{\"@id\":\"https:\\\/\\\/www.vetavisual.com\\\/#website\"},\"primaryImageOfPage\":{\"@id\":\"https:\\\/\\\/www.vetavisual.com\\\/informacio-legal\\\/#primaryimage\"},\"image\":{\"@id\":\"https:\\\/\\\/www.vetavisual.com\\\/informacio-legal\\\/#primaryimage\"},\"thumbnailUrl\":\"https:\\\/\\\/www.vetavisual.com\\\/wp-content\\\/uploads\\\/2014\\\/09\\\/veta-visual-cataleg.jpg\",\"datePublished\":\"2018-11-08T10:27:41+00:00\",\"dateModified\":\"2021-12-27T19:47:23+00:00\",\"breadcrumb\":{\"@id\":\"https:\\\/\\\/www.vetavisual.com\\\/informacio-legal\\\/#breadcrumb\"},\"inLanguage\":\"es\",\"potentialAction\":[{\"@type\":\"ReadAction\",\"target\":[\"https:\\\/\\\/www.vetavisual.com\\\/informacio-legal\\\/\"]}]},{\"@type\":\"ImageObject\",\"inLanguage\":\"es\",\"@id\":\"https:\\\/\\\/www.vetavisual.com\\\/informacio-legal\\\/#primaryimage\",\"url\":\"https:\\\/\\\/www.vetavisual.com\\\/wp-content\\\/uploads\\\/2014\\\/09\\\/veta-visual-cataleg.jpg\",\"contentUrl\":\"https:\\\/\\\/www.vetavisual.com\\\/wp-content\\\/uploads\\\/2014\\\/09\\\/veta-visual-cataleg.jpg\",\"width\":2000,\"height\":1177},{\"@type\":\"BreadcrumbList\",\"@id\":\"https:\\\/\\\/www.vetavisual.com\\\/informacio-legal\\\/#breadcrumb\",\"itemListElement\":[{\"@type\":\"ListItem\",\"position\":1,\"name\":\"Inici\",\"item\":\"https:\\\/\\\/www.vetavisual.com\\\/\"},{\"@type\":\"ListItem\",\"position\":2,\"name\":\"Informaci\u00f3 legal\"}]},{\"@type\":\"WebSite\",\"@id\":\"https:\\\/\\\/www.vetavisual.com\\\/#website\",\"url\":\"https:\\\/\\\/www.vetavisual.com\\\/\",\"name\":\"Veta Visual\",\"description\":\"Serveis de comunicaci\u00f3 gr\u00e0fica i editorial\",\"publisher\":{\"@id\":\"https:\\\/\\\/www.vetavisual.com\\\/#organization\"},\"potentialAction\":[{\"@type\":\"SearchAction\",\"target\":{\"@type\":\"EntryPoint\",\"urlTemplate\":\"https:\\\/\\\/www.vetavisual.com\\\/?s={search_term_string}\"},\"query-input\":{\"@type\":\"PropertyValueSpecification\",\"valueRequired\":true,\"valueName\":\"search_term_string\"}}],\"inLanguage\":\"es\"},{\"@type\":\"Organization\",\"@id\":\"https:\\\/\\\/www.vetavisual.com\\\/#organization\",\"name\":\"Veta Visual\",\"url\":\"https:\\\/\\\/www.vetavisual.com\\\/\",\"logo\":{\"@type\":\"ImageObject\",\"inLanguage\":\"es\",\"@id\":\"https:\\\/\\\/www.vetavisual.com\\\/#\\\/schema\\\/logo\\\/image\\\/\",\"url\":\"https:\\\/\\\/www.vetavisual.com\\\/wp-content\\\/uploads\\\/2021\\\/02\\\/vv_logo_color.png\",\"contentUrl\":\"https:\\\/\\\/www.vetavisual.com\\\/wp-content\\\/uploads\\\/2021\\\/02\\\/vv_logo_color.png\",\"width\":1900,\"height\":400,\"caption\":\"Veta Visual\"},\"image\":{\"@id\":\"https:\\\/\\\/www.vetavisual.com\\\/#\\\/schema\\\/logo\\\/image\\\/\"},\"sameAs\":[\"https:\\\/\\\/x.com\\\/vetavisual\"]}]}<\/script>\n<!-- \/ Yoast SEO plugin. -->","yoast_head_json":{"title":"Informaci\u00f3 legal - Veta Visual","robots":{"index":"index","follow":"follow","max-snippet":"max-snippet:-1","max-image-preview":"max-image-preview:large","max-video-preview":"max-video-preview:-1"},"canonical":"https:\/\/www.vetavisual.com\/es\/informacio-legal\/","og_locale":"es_ES","og_type":"article","og_title":"Informaci\u00f3 legal - Veta Visual","og_url":"https:\/\/www.vetavisual.com\/es\/informacio-legal\/","og_site_name":"Veta Visual","article_modified_time":"2021-12-27T19:47:23+00:00","og_image":[{"width":2000,"height":1177,"url":"https:\/\/www.vetavisual.com\/wp-content\/uploads\/2014\/09\/veta-visual-cataleg.jpg","type":"image\/jpeg"}],"twitter_card":"summary_large_image","twitter_site":"@vetavisual","twitter_misc":{"Tiempo de lectura":"9 minutos"},"schema":{"@context":"https:\/\/schema.org","@graph":[{"@type":"WebPage","@id":"https:\/\/www.vetavisual.com\/informacio-legal\/","url":"https:\/\/www.vetavisual.com\/informacio-legal\/","name":"Informaci\u00f3 legal - Veta Visual","isPartOf":{"@id":"https:\/\/www.vetavisual.com\/#website"},"primaryImageOfPage":{"@id":"https:\/\/www.vetavisual.com\/informacio-legal\/#primaryimage"},"image":{"@id":"https:\/\/www.vetavisual.com\/informacio-legal\/#primaryimage"},"thumbnailUrl":"https:\/\/www.vetavisual.com\/wp-content\/uploads\/2014\/09\/veta-visual-cataleg.jpg","datePublished":"2018-11-08T10:27:41+00:00","dateModified":"2021-12-27T19:47:23+00:00","breadcrumb":{"@id":"https:\/\/www.vetavisual.com\/informacio-legal\/#breadcrumb"},"inLanguage":"es","potentialAction":[{"@type":"ReadAction","target":["https:\/\/www.vetavisual.com\/informacio-legal\/"]}]},{"@type":"ImageObject","inLanguage":"es","@id":"https:\/\/www.vetavisual.com\/informacio-legal\/#primaryimage","url":"https:\/\/www.vetavisual.com\/wp-content\/uploads\/2014\/09\/veta-visual-cataleg.jpg","contentUrl":"https:\/\/www.vetavisual.com\/wp-content\/uploads\/2014\/09\/veta-visual-cataleg.jpg","width":2000,"height":1177},{"@type":"BreadcrumbList","@id":"https:\/\/www.vetavisual.com\/informacio-legal\/#breadcrumb","itemListElement":[{"@type":"ListItem","position":1,"name":"Inici","item":"https:\/\/www.vetavisual.com\/"},{"@type":"ListItem","position":2,"name":"Informaci\u00f3 legal"}]},{"@type":"WebSite","@id":"https:\/\/www.vetavisual.com\/#website","url":"https:\/\/www.vetavisual.com\/","name":"Veta Visual","description":"Serveis de comunicaci\u00f3 gr\u00e0fica i editorial","publisher":{"@id":"https:\/\/www.vetavisual.com\/#organization"},"potentialAction":[{"@type":"SearchAction","target":{"@type":"EntryPoint","urlTemplate":"https:\/\/www.vetavisual.com\/?s={search_term_string}"},"query-input":{"@type":"PropertyValueSpecification","valueRequired":true,"valueName":"search_term_string"}}],"inLanguage":"es"},{"@type":"Organization","@id":"https:\/\/www.vetavisual.com\/#organization","name":"Veta Visual","url":"https:\/\/www.vetavisual.com\/","logo":{"@type":"ImageObject","inLanguage":"es","@id":"https:\/\/www.vetavisual.com\/#\/schema\/logo\/image\/","url":"https:\/\/www.vetavisual.com\/wp-content\/uploads\/2021\/02\/vv_logo_color.png","contentUrl":"https:\/\/www.vetavisual.com\/wp-content\/uploads\/2021\/02\/vv_logo_color.png","width":1900,"height":400,"caption":"Veta Visual"},"image":{"@id":"https:\/\/www.vetavisual.com\/#\/schema\/logo\/image\/"},"sameAs":["https:\/\/x.com\/vetavisual"]}]}},"_links":{"self":[{"href":"https:\/\/www.vetavisual.com\/es\/wp-json\/wp\/v2\/pages\/741","targetHints":{"allow":["GET"]}}],"collection":[{"href":"https:\/\/www.vetavisual.com\/es\/wp-json\/wp\/v2\/pages"}],"about":[{"href":"https:\/\/www.vetavisual.com\/es\/wp-json\/wp\/v2\/types\/page"}],"author":[{"embeddable":true,"href":"https:\/\/www.vetavisual.com\/es\/wp-json\/wp\/v2\/users\/1"}],"replies":[{"embeddable":true,"href":"https:\/\/www.vetavisual.com\/es\/wp-json\/wp\/v2\/comments?post=741"}],"version-history":[{"count":0,"href":"https:\/\/www.vetavisual.com\/es\/wp-json\/wp\/v2\/pages\/741\/revisions"}],"wp:featuredmedia":[{"embeddable":true,"href":"https:\/\/www.vetavisual.com\/es\/wp-json\/wp\/v2\/media\/566"}],"wp:attachment":[{"href":"https:\/\/www.vetavisual.com\/es\/wp-json\/wp\/v2\/media?parent=741"}],"curies":[{"name":"wp","href":"https:\/\/api.w.org\/{rel}","templated":true}]}}